{"id":98,"date":"2025-12-03T21:25:17","date_gmt":"2025-12-04T00:25:17","guid":{"rendered":"https:\/\/tresaconstrutora.com.br\/?page_id=98"},"modified":"2025-12-04T11:50:05","modified_gmt":"2025-12-04T14:50:05","slug":"elementor-98","status":"publish","type":"page","link":"http:\/\/tresaconstrutora.com.br\/","title":{"rendered":"Em manuten\u00e7\u00e3o"},"content":{"rendered":"\t\t<div data-elementor-type=\"wp-page\" data-elementor-id=\"98\" class=\"elementor elementor-98\">\n\t\t\t\t<div class=\"elementor-element elementor-element-a8c30e9 e-flex e-con-boxed e-con e-parent\" data-id=\"a8c30e9\" data-element_type=\"container\" data-settings=\"{&quot;background_background&quot;:&quot;classic&quot;}\">\n\t\t\t\t\t<div class=\"e-con-inner\">\n\t\t\t\t<div class=\"elementor-element elementor-element-2dc146df elementor-widget elementor-widget-heading\" data-id=\"2dc146df\" data-element_type=\"widget\" data-widget_type=\"heading.default\">\n\t\t\t\t\t<h5 class=\"elementor-heading-title elementor-size-default\">Estamos em manuten\u00e7\u00e3o<\/h5>\t\t\t\t<\/div>\n\t\t\t\t<div class=\"elementor-element elementor-element-47ac62bd elementor-widget elementor-widget-heading\" data-id=\"47ac62bd\" data-element_type=\"widget\" data-widget_type=\"heading.default\">\n\t\t\t\t\t<h1 class=\"elementor-heading-title elementor-size-default\">P\u00e1gina Temporariamente Indispon\u00edvel<\/h1>\t\t\t\t<\/div>\n\t\t\t\t<div class=\"elementor-element elementor-element-6c0fec36 elementor-widget elementor-widget-heading\" data-id=\"6c0fec36\" data-element_type=\"widget\" data-widget_type=\"heading.default\">\n\t\t\t\t\t<h5 class=\"elementor-heading-title elementor-size-default\">Estamos atualizando nosso site para melhor atend\u00ea-lo. Agradecemos pela sua paci\u00eancia.<\/h5>\t\t\t\t<\/div>\n\t\t\t\t<div class=\"elementor-element elementor-element-531283c7 elementor-widget__width-auto elementor-align-right elementor-widget elementor-widget-button\" data-id=\"531283c7\" data-element_type=\"widget\" data-widget_type=\"button.default\">\n\t\t\t\t\t\t\t\t\t\t<a class=\"elementor-button elementor-button-link elementor-size-sm\" href=\"https:\/\/wa.me\/message\/5LBT36GBW7EEM1\" target=\"_blank\">\n\t\t\t\t\t\t<span class=\"elementor-button-content-wrapper\">\n\t\t\t\t\t\t\t\t\t<span class=\"elementor-button-text\">WhatsApp<\/span>\n\t\t\t\t\t<\/span>\n\t\t\t\t\t<\/a>\n\t\t\t\t\t\t\t\t<\/div>\n\t\t\t\t\t<\/div>\n\t\t\t\t<\/div>\n\t\t\t\t<\/div>\n\t\t","protected":false},"excerpt":{"rendered":"<p>Estamos em manuten\u00e7\u00e3o P\u00e1gina Temporariamente Indispon\u00edvel Estamos atualizando nosso site para melhor atend\u00ea-lo. Agradecemos pela sua paci\u00eancia. WhatsApp<\/p>\n","protected":false},"author":1,"featured_media":0,"parent":0,"menu_order":0,"comment_status":"closed","ping_status":"closed","template":"elementor_canvas","meta":{"footnotes":""},"class_list":["post-98","page","type-page","status-publish","hentry"],"_links":{"self":[{"href":"http:\/\/tresaconstrutora.com.br\/index.php?rest_route=\/wp\/v2\/pages\/98","targetHints":{"allow":["GET"]}}],"collection":[{"href":"http:\/\/tresaconstrutora.com.br\/index.php?rest_route=\/wp\/v2\/pages"}],"about":[{"href":"http:\/\/tresaconstrutora.com.br\/index.php?rest_route=\/wp\/v2\/types\/page"}],"author":[{"embeddable":true,"href":"http:\/\/tresaconstrutora.com.br\/index.php?rest_route=\/wp\/v2\/users\/1"}],"replies":[{"embeddable":true,"href":"http:\/\/tresaconstrutora.com.br\/index.php?rest_route=%2Fwp%2Fv2%2Fcomments&post=98"}],"version-history":[{"count":19,"href":"http:\/\/tresaconstrutora.com.br\/index.php?rest_route=\/wp\/v2\/pages\/98\/revisions"}],"predecessor-version":[{"id":126,"href":"http:\/\/tresaconstrutora.com.br\/index.php?rest_route=\/wp\/v2\/pages\/98\/revisions\/126"}],"wp:attachment":[{"href":"http:\/\/tresaconstrutora.com.br\/index.php?rest_route=%2Fwp%2Fv2%2Fmedia&parent=98"}],"curies":[{"name":"wp","href":"https:\/\/api.w.org\/{rel}","templated":true}]}}